{"id":3029,"date":"2020-03-20T15:44:14","date_gmt":"2020-03-20T15:44:14","guid":{"rendered":"https:\/\/startersites.io\/blocksy\/blog\/?page_id=3029"},"modified":"2020-03-20T15:44:14","modified_gmt":"2020-03-20T15:44:14","slug":"3029-2","status":"publish","type":"page","link":"https:\/\/futbolleyenda.com\/index.php\/3029-2\/","title":{"rendered":"Button &#038; Separator"},"content":{"rendered":"\n<p>Faucibus nisl tincidunt eget nullam non. Feugiat sed lectus vestibulum mattis ullamcorper. Egestas purus viverra accumsan in nisl nisi scelerisque eu. Eget nunc lobortis mattis aliquam faucibus purus in massa tempor. Dignissim suspendisse in est ante in nibh mauris cursus. Ipsum faucibus vitae aliquet nec.<\/p>\n\n\n\n<div class=\"wp-block-columns is-layout-flex wp-container-core-columns-is-layout-28f84493 wp-block-columns-is-layout-flex\">\n<div class=\"wp-block-column is-layout-flow wp-block-column-is-layout-flow\">\n<h5 class=\"wp-block-heading\">Filled Style Button<\/h5>\n\n\n\n<p>Aliquam faucibus purus in massa tempor nec feugiat nisliverra orci sagittis.<\/p>\n\n\n\n<div class=\"wp-block-button\"><a class=\"wp-block-button__link wp-element-button\">More Information<\/a><\/div>\n<\/div>\n\n\n\n<div class=\"wp-block-column is-layout-flow wp-block-column-is-layout-flow\">\n<h5 class=\"wp-block-heading\">Outline Style Button<\/h5>\n\n\n\n<p>Aliquam faucibus purus in massa tempor nec feugiat nisliverra orci sagittis.<\/p>\n\n\n\n<div class=\"wp-block-button is-style-outline is-style-outline--1\"><a class=\"wp-block-button__link wp-element-button\">More Information<\/a><\/div>\n<\/div>\n\n\n\n<div class=\"wp-block-column is-layout-flow wp-block-column-is-layout-flow\">\n<h5 class=\"wp-block-heading\">Filled Rounded<\/h5>\n\n\n\n<p>Aliquam faucibus purus in massa tempor nec feugiat nisliverra orci sagittis.<\/p>\n\n\n\n<div class=\"wp-block-button is-style-fill\"><a class=\"wp-block-button__link wp-element-button\" style=\"border-radius:30px\">More Information<\/a><\/div>\n<\/div>\n<\/div>\n\n\n\n<h5 class=\"wp-block-heading\">More Customizations<\/h5>\n\n\n\n<div class=\"wp-block-columns is-layout-flex wp-container-core-columns-is-layout-28f84493 wp-block-columns-is-layout-flex\">\n<div class=\"wp-block-column is-layout-flow wp-block-column-is-layout-flow\">\n<div class=\"wp-block-button\"><a class=\"wp-block-button__link has-background wp-element-button\" style=\"background-color:#fb454c\">More Information<\/a><\/div>\n<\/div>\n\n\n\n<div class=\"wp-block-column is-layout-flow wp-block-column-is-layout-flow\">\n<div class=\"wp-block-button\"><a class=\"wp-block-button__link has-palette-color-4-color has-text-color has-background wp-element-button\" style=\"background-color:#e8d4c3\">More Information<\/a><\/div>\n<\/div>\n\n\n\n<div class=\"wp-block-column is-layout-flow wp-block-column-is-layout-flow\">\n<div class=\"wp-block-button\"><a class=\"wp-block-button__link has-background wp-element-button\" style=\"background-color:#5a6272\">More Information<\/a><\/div>\n<\/div>\n<\/div>\n\n\n\n<div class=\"wp-block-columns is-layout-flex wp-container-core-columns-is-layout-28f84493 wp-block-columns-is-layout-flex\">\n<div class=\"wp-block-column is-layout-flow wp-block-column-is-layout-flow\">\n<div class=\"wp-block-button\"><a class=\"wp-block-button__link has-background wp-element-button\" style=\"border-radius:30px;background-color:#fb454c\">More Information<\/a><\/div>\n<\/div>\n\n\n\n<div class=\"wp-block-column is-layout-flow wp-block-column-is-layout-flow\">\n<div class=\"wp-block-button\"><a class=\"wp-block-button__link has-palette-color-4-color has-text-color has-background wp-element-button\" style=\"border-radius:30px;background-color:#e8d4c3\">More Information<\/a><\/div>\n<\/div>\n\n\n\n<div class=\"wp-block-column is-layout-flow wp-block-column-is-layout-flow\">\n<div class=\"wp-block-button\"><a class=\"wp-block-button__link has-background wp-element-button\" style=\"border-radius:30px;background-color:#5a6272\">More Information<\/a><\/div>\n<\/div>\n<\/div>\n\n\n\n<div style=\"height:80px\" aria-hidden=\"true\" class=\"wp-block-spacer\"><\/div>\n\n\n\n<h5 class=\"has-text-align-center wp-block-heading\">Separator Default<\/h5>\n\n\n\n<hr class=\"wp-block-separator has-css-opacity\"\/>\n\n\n\n<p>Porttitor leo a diam sollicitudin tempor id. Cursus mattis molestie a iaculis at erat pellentesque. Malesuada proin libero nunc consequat interdum varius sit amet mattis. Sem fringilla ut morbi tincidunt augue interdum.&nbsp;<\/p>\n\n\n\n<h5 class=\"has-text-align-center wp-block-heading\">Separator Wide<\/h5>\n\n\n\n<hr class=\"wp-block-separator has-css-opacity is-style-wide\"\/>\n\n\n\n<p>Porttitor leo a diam sollicitudin tempor id. Cursus mattis molestie a iaculis at erat pellentesque. Malesuada proin libero nunc consequat interdum varius sit amet mattis. Sem fringilla ut morbi tincidunt augue interdum.&nbsp;<\/p>\n\n\n\n<h5 class=\"has-text-align-center wp-block-heading\">Separator Dots<\/h5>\n\n\n\n<hr class=\"wp-block-separator has-css-opacity is-style-dots\"\/>\n\n\n\n<p>Porttitor leo a diam sollicitudin tempor id. Cursus mattis molestie a iaculis at erat pellentesque. Malesuada proin libero nunc consequat interdum varius sit amet mattis. Sem fringilla ut morbi tincidunt augue interdum.&nbsp;<\/p>\n","protected":false},"excerpt":{"rendered":"<p>Faucibus nisl tincidunt eget nullam non. Feugiat sed lectus vestibulum mattis ullamcorper. Egestas purus viverra accumsan in nisl nisi scelerisque eu. Eget nunc lobortis mattis aliquam faucibus purus in massa tempor. Dignissim suspendisse in est ante in nibh mauris cursus. Ipsum faucibus vitae aliquet nec. Filled Style Button Aliquam faucibus purus in massa tempor nec [&hellip;]<\/p>\n","protected":false},"author":1,"featured_media":0,"parent":0,"menu_order":0,"comment_status":"closed","ping_status":"closed","template":"","meta":{"footnotes":""},"class_list":["post-3029","page","type-page","status-publish","hentry"],"blocksy_meta":{"page_title_panel":"","has_hero_section":"default","d4d58278167883a6a4e072445bd5b374":"","hero_section":"type-1","hero_alignment1":"left","hero_alignment2":"center","hero_height":"230px","page_title_bg_type":"color","custom_hero_background":{"attachment_id":null},"parallax":{"desktop":false,"tablet":false,"mobile":false},"f0f319d8722cbbe24220a11d2b33f754":"","single_meta_elements":{"author":false,"date":false,"categories":false,"comments":false,"updated":false,"tags":false},"has_meta_label":"yes","has_meta_avatar":"yes","date_format_source":"custom","single_meta_date_format":"M j, Y","c83d2eebc13715cbde9e87323c52fe57":"","page_excerpt_visibility":{"desktop":true,"tablet":true,"mobile":false},"pageTitleFont":{"family":"Default","variation":"Default","size":{"desktop":"32px","tablet":"30px","mobile":"25px"},"line-height":"1.3","letter-spacing":"CT_CSS_SKIP_RULE","text-transform":"CT_CSS_SKIP_RULE","text-decoration":"CT_CSS_SKIP_RULE"},"pageTitleFontColor":{"default":{"color":"CT_CSS_SKIP_RULEDEFAULT"}},"pageMetaFont":{"family":"Default","variation":"n6","size":{"desktop":"12px","tablet":"12px","mobile":"12px"},"line-height":"1.3","letter-spacing":"CT_CSS_SKIP_RULE","text-transform":"uppercase","text-decoration":"CT_CSS_SKIP_RULE"},"pageMetaFontColor":{"default":{"color":"CT_CSS_SKIP_RULEDEFAULT"},"hover":{"color":"CT_CSS_SKIP_RULEDEFAULT"}},"pageExcerptFont":{"family":"Default","variation":"n5","size":"CT_CSS_SKIP_RULE","line-height":"CT_CSS_SKIP_RULE","letter-spacing":"CT_CSS_SKIP_RULE","text-transform":"CT_CSS_SKIP_RULE","text-decoration":"CT_CSS_SKIP_RULE"},"pageExcerptColor":{"default":{"color":"CT_CSS_SKIP_RULEDEFAULT"}},"pageTitleOverlay":{"default":{"color":"rgba(41, 51, 60, 0.2)"}},"pageTitleBackground":{"default":{"color":"#EDEFF2"}},"75d283ec140c98714bdd8fe2652617be":"","page_structure_type":"type-3","page_enable_vertical_spacing":"yes","4a00aa2f1605e037c005e2380dc04f43":"","disable_featured_image":"no","styles_descriptor":{"styles":{"desktop":"","tablet":"","mobile":""},"google_fonts":[],"version":6}},"yoast_head":"<!-- This site is optimized with the Yoast SEO plugin v26.7 - https:\/\/yoast.com\/wordpress\/plugins\/seo\/ -->\n<title>Button &amp; Separator - Historias y Leyendas del F\u00fatbol Mundial | F\u00fatbol Leyenda<\/title>\n<meta name=\"robots\" content=\"index, follow, max-snippet:-1, max-image-preview:large, max-video-preview:-1\" \/>\n<link rel=\"canonical\" href=\"https:\/\/futbolleyenda.com\/index.php\/3029-2\/\" \/>\n<meta property=\"og:locale\" content=\"es_ES\" \/>\n<meta property=\"og:type\" content=\"article\" \/>\n<meta property=\"og:title\" content=\"Button &amp; Separator - Historias y Leyendas del F\u00fatbol Mundial | F\u00fatbol Leyenda\" \/>\n<meta property=\"og:description\" content=\"Faucibus nisl tincidunt eget nullam non. Feugiat sed lectus vestibulum mattis ullamcorper. Egestas purus viverra accumsan in nisl nisi scelerisque eu. Eget nunc lobortis mattis aliquam faucibus purus in massa tempor. Dignissim suspendisse in est ante in nibh mauris cursus. Ipsum faucibus vitae aliquet nec. Filled Style Button Aliquam faucibus purus in massa tempor nec [&hellip;]\" \/>\n<meta property=\"og:url\" content=\"https:\/\/futbolleyenda.com\/index.php\/3029-2\/\" \/>\n<meta property=\"og:site_name\" content=\"Historias y Leyendas del F\u00fatbol Mundial | F\u00fatbol Leyenda\" \/>\n<meta name=\"twitter:card\" content=\"summary_large_image\" \/>\n<meta name=\"twitter:label1\" content=\"Tiempo de lectura\" \/>\n\t<meta name=\"twitter:data1\" content=\"1 minuto\" \/>\n<script type=\"application\/ld+json\" class=\"yoast-schema-graph\">{\"@context\":\"https:\/\/schema.org\",\"@graph\":[{\"@type\":\"WebPage\",\"@id\":\"https:\/\/futbolleyenda.com\/index.php\/3029-2\/\",\"url\":\"https:\/\/futbolleyenda.com\/index.php\/3029-2\/\",\"name\":\"Button & Separator - Historias y Leyendas del F\u00fatbol Mundial | F\u00fatbol Leyenda\",\"isPartOf\":{\"@id\":\"https:\/\/futbolleyenda.com\/#website\"},\"datePublished\":\"2020-03-20T15:44:14+00:00\",\"breadcrumb\":{\"@id\":\"https:\/\/futbolleyenda.com\/index.php\/3029-2\/#breadcrumb\"},\"inLanguage\":\"es\",\"potentialAction\":[{\"@type\":\"ReadAction\",\"target\":[\"https:\/\/futbolleyenda.com\/index.php\/3029-2\/\"]}]},{\"@type\":\"BreadcrumbList\",\"@id\":\"https:\/\/futbolleyenda.com\/index.php\/3029-2\/#breadcrumb\",\"itemListElement\":[{\"@type\":\"ListItem\",\"position\":1,\"name\":\"\u9996\u9875\",\"item\":\"https:\/\/futbolleyenda.com\/\"},{\"@type\":\"ListItem\",\"position\":2,\"name\":\"Button &#038; Separator\"}]},{\"@type\":\"WebSite\",\"@id\":\"https:\/\/futbolleyenda.com\/#website\",\"url\":\"https:\/\/futbolleyenda.com\/\",\"name\":\"Momentos legendarios del f\u00fatbol\",\"description\":\"Descubre las grandes leyendas del f\u00fatbol, partidos hist\u00f3ricos y camisetas ic\u00f3nicas que marcaron \u00e9poca. Pasi\u00f3n por el f\u00fatbol que nunca muere.\",\"publisher\":{\"@id\":\"https:\/\/futbolleyenda.com\/#organization\"},\"potentialAction\":[{\"@type\":\"SearchAction\",\"target\":{\"@type\":\"EntryPoint\",\"urlTemplate\":\"https:\/\/futbolleyenda.com\/?s={search_term_string}\"},\"query-input\":{\"@type\":\"PropertyValueSpecification\",\"valueRequired\":true,\"valueName\":\"search_term_string\"}}],\"inLanguage\":\"es\"},{\"@type\":\"Organization\",\"@id\":\"https:\/\/futbolleyenda.com\/#organization\",\"name\":\"Momentos legendarios del f\u00fatbol\",\"url\":\"https:\/\/futbolleyenda.com\/\",\"logo\":{\"@type\":\"ImageObject\",\"inLanguage\":\"es\",\"@id\":\"https:\/\/futbolleyenda.com\/#\/schema\/logo\/image\/\",\"url\":\"https:\/\/futbolleyenda.com\/wp-content\/uploads\/2025\/08\/futbolleyenda-logo-200.webp\",\"contentUrl\":\"https:\/\/futbolleyenda.com\/wp-content\/uploads\/2025\/08\/futbolleyenda-logo-200.webp\",\"width\":200,\"height\":200,\"caption\":\"Momentos legendarios del f\u00fatbol\"},\"image\":{\"@id\":\"https:\/\/futbolleyenda.com\/#\/schema\/logo\/image\/\"}}]}<\/script>\n<!-- \/ Yoast SEO plugin. -->","yoast_head_json":{"title":"Button & Separator - Historias y Leyendas del F\u00fatbol Mundial | F\u00fatbol Leyenda","robots":{"index":"index","follow":"follow","max-snippet":"max-snippet:-1","max-image-preview":"max-image-preview:large","max-video-preview":"max-video-preview:-1"},"canonical":"https:\/\/futbolleyenda.com\/index.php\/3029-2\/","og_locale":"es_ES","og_type":"article","og_title":"Button & Separator - Historias y Leyendas del F\u00fatbol Mundial | F\u00fatbol Leyenda","og_description":"Faucibus nisl tincidunt eget nullam non. Feugiat sed lectus vestibulum mattis ullamcorper. Egestas purus viverra accumsan in nisl nisi scelerisque eu. Eget nunc lobortis mattis aliquam faucibus purus in massa tempor. Dignissim suspendisse in est ante in nibh mauris cursus. Ipsum faucibus vitae aliquet nec. Filled Style Button Aliquam faucibus purus in massa tempor nec [&hellip;]","og_url":"https:\/\/futbolleyenda.com\/index.php\/3029-2\/","og_site_name":"Historias y Leyendas del F\u00fatbol Mundial | F\u00fatbol Leyenda","twitter_card":"summary_large_image","twitter_misc":{"Tiempo de lectura":"1 minuto"},"schema":{"@context":"https:\/\/schema.org","@graph":[{"@type":"WebPage","@id":"https:\/\/futbolleyenda.com\/index.php\/3029-2\/","url":"https:\/\/futbolleyenda.com\/index.php\/3029-2\/","name":"Button & Separator - Historias y Leyendas del F\u00fatbol Mundial | F\u00fatbol Leyenda","isPartOf":{"@id":"https:\/\/futbolleyenda.com\/#website"},"datePublished":"2020-03-20T15:44:14+00:00","breadcrumb":{"@id":"https:\/\/futbolleyenda.com\/index.php\/3029-2\/#breadcrumb"},"inLanguage":"es","potentialAction":[{"@type":"ReadAction","target":["https:\/\/futbolleyenda.com\/index.php\/3029-2\/"]}]},{"@type":"BreadcrumbList","@id":"https:\/\/futbolleyenda.com\/index.php\/3029-2\/#breadcrumb","itemListElement":[{"@type":"ListItem","position":1,"name":"\u9996\u9875","item":"https:\/\/futbolleyenda.com\/"},{"@type":"ListItem","position":2,"name":"Button &#038; Separator"}]},{"@type":"WebSite","@id":"https:\/\/futbolleyenda.com\/#website","url":"https:\/\/futbolleyenda.com\/","name":"Momentos legendarios del f\u00fatbol","description":"Descubre las grandes leyendas del f\u00fatbol, partidos hist\u00f3ricos y camisetas ic\u00f3nicas que marcaron \u00e9poca. Pasi\u00f3n por el f\u00fatbol que nunca muere.","publisher":{"@id":"https:\/\/futbolleyenda.com\/#organization"},"potentialAction":[{"@type":"SearchAction","target":{"@type":"EntryPoint","urlTemplate":"https:\/\/futbolleyenda.com\/?s={search_term_string}"},"query-input":{"@type":"PropertyValueSpecification","valueRequired":true,"valueName":"search_term_string"}}],"inLanguage":"es"},{"@type":"Organization","@id":"https:\/\/futbolleyenda.com\/#organization","name":"Momentos legendarios del f\u00fatbol","url":"https:\/\/futbolleyenda.com\/","logo":{"@type":"ImageObject","inLanguage":"es","@id":"https:\/\/futbolleyenda.com\/#\/schema\/logo\/image\/","url":"https:\/\/futbolleyenda.com\/wp-content\/uploads\/2025\/08\/futbolleyenda-logo-200.webp","contentUrl":"https:\/\/futbolleyenda.com\/wp-content\/uploads\/2025\/08\/futbolleyenda-logo-200.webp","width":200,"height":200,"caption":"Momentos legendarios del f\u00fatbol"},"image":{"@id":"https:\/\/futbolleyenda.com\/#\/schema\/logo\/image\/"}}]}},"_links":{"self":[{"href":"https:\/\/futbolleyenda.com\/index.php\/wp-json\/wp\/v2\/pages\/3029","targetHints":{"allow":["GET"]}}],"collection":[{"href":"https:\/\/futbolleyenda.com\/index.php\/wp-json\/wp\/v2\/pages"}],"about":[{"href":"https:\/\/futbolleyenda.com\/index.php\/wp-json\/wp\/v2\/types\/page"}],"author":[{"embeddable":true,"href":"https:\/\/futbolleyenda.com\/index.php\/wp-json\/wp\/v2\/users\/1"}],"replies":[{"embeddable":true,"href":"https:\/\/futbolleyenda.com\/index.php\/wp-json\/wp\/v2\/comments?post=3029"}],"version-history":[{"count":0,"href":"https:\/\/futbolleyenda.com\/index.php\/wp-json\/wp\/v2\/pages\/3029\/revisions"}],"wp:attachment":[{"href":"https:\/\/futbolleyenda.com\/index.php\/wp-json\/wp\/v2\/media?parent=3029"}],"curies":[{"name":"wp","href":"https:\/\/api.w.org\/{rel}","templated":true}]}}